{"id":15154,"date":"2025-03-28T19:30:50","date_gmt":"2025-03-28T18:30:50","guid":{"rendered":"http:\/\/www.heiroth.com\/?page_id=15154"},"modified":"2025-05-10T13:19:41","modified_gmt":"2025-05-10T11:19:41","slug":"stephan-michme-liebe-quaelt","status":"publish","type":"page","link":"https:\/\/www.heiroth.com\/index.php\/konzerte-2025\/stephan-michme-liebe-quaelt\/","title":{"rendered":"Michme &#8211; Liebe qu\u00e4lt"},"content":{"rendered":"<p>28. M\u00e4rz 2025: Stephan Michme mit seinem Solo-Program &#8222;Liebe qu\u00e4lt&#8220; im Hengstmanns in Magdeburg.<\/p>\n<style type=\"text\/css\" scoped>.rbs_gallery_69e211a50aa1dSpinner{\r\n\t\t\t\tmargin: 50px auto;\r\n\t\t\t\twidth: 50px;\r\n\t\t\t\theight: 40px;\r\n\t\t\t\ttext-align: center;\r\n\t\t\t\tfont-size: 10px;\r\n\t\t\t}\r\n\t\t\t.rbs_gallery_69e211a50aa1dSpinner > div{\r\n\t\t\t  background-color: #333;\r\n\t\t\t  height: 100%;\r\n\t\t\t  width: 6px;\r\n\t\t\t  display: inline-block;\r\n\t\t\t  -webkit-animation: rbs_gallery_69e211a50aa1d-stretchdelay 1.2s infinite ease-in-out;\r\n\t\t\t  animation: rbs_gallery_69e211a50aa1d-stretchdelay 1.2s infinite ease-in-out;\r\n\t\t\t}\r\n\t\t\t.rbs_gallery_69e211a50aa1dSpinner .rbs_gallery_69e211a50aa1dRect2 {\r\n\t\t\t  -webkit-animation-delay: -1.1s;\r\n\t\t\t  animation-delay: -1.1s;\r\n\t\t\t}\r\n\t\t\t.rbs_gallery_69e211a50aa1dSpinner .rbs_gallery_69e211a50aa1dRect3 {\r\n\t\t\t  -webkit-animation-delay: -1.0s;\r\n\t\t\t  animation-delay: -1.0s;\r\n\t\t\t}\r\n\t\t\t.rbs_gallery_69e211a50aa1dSpinner .rbs_gallery_69e211a50aa1dRect4 {\r\n\t\t\t  -webkit-animation-delay: -0.9s;\r\n\t\t\t  animation-delay: -0.9s;\r\n\t\t\t}\r\n\t\t\t.rbs_gallery_69e211a50aa1dSpinner .rbs_gallery_69e211a50aa1dRect5 {\r\n\t\t\t  -webkit-animation-delay: -0.8s;\r\n\t\t\t  animation-delay: -0.8s;\r\n\t\t\t}\r\n\t\t\t@-webkit-keyframes rbs_gallery_69e211a50aa1d-stretchdelay {\r\n\t\t\t  0%, 40%, 100% { -webkit-transform: scaleY(0.4) }  \r\n\t\t\t  20% { -webkit-transform: scaleY(1.0) }\r\n\t\t\t}\r\n\t\t\t@keyframes rbs_gallery_69e211a50aa1d-stretchdelay {\r\n\t\t\t  0%, 40%, 100% { \r\n\t\t\t    transform: scaleY(0.4);\r\n\t\t\t    -webkit-transform: scaleY(0.4);\r\n\t\t\t  }  20% { \r\n\t\t\t    transform: scaleY(1.0);\r\n\t\t\t    -webkit-transform: scaleY(1.0);\r\n\t\t\t  }\r\n\t\t\t}\r\n\t\t<\/style><div class=\"robo-gallery-wrap robo-gallery-wrap-id15153 robo-gallery-\" ><div id=\"rbs_gallery_69e211a50aa1d-block-loader\" class=\"rbs_gallery_69e211a50aa1dSpinner\"><div class=\"rbs_gallery_69e211a50aa1dRect1\"><\/div> <div class=\"rbs_gallery_69e211a50aa1dRect2\"><\/div> <div class=\"rbs_gallery_69e211a50aa1dRect3\"><\/div> <div class=\"rbs_gallery_69e211a50aa1dRect4\"><\/div> <div class=\"rbs_gallery_69e211a50aa1dRect5\"><\/div><\/div><div id=\"robo_gallery_main_block_rbs_gallery_69e211a50aa1d\" class=\"robogallery-gallery-15153\" style=\"width:100%;  display: none;\"><div id=\"rbs_gallery_69e211a50aa1d\" data-options=\"rbs_gallery_69e211a50aa1d\" style=\"width:100%;\" class=\"robo_gallery  \"><div class=\"rbs-img  category15153 \" ><div class=\"rbs-img-image   rbs-lightbox \" ><div class=\"rbs-img-thumbs\"  data-thumbnail=\"https:\/\/www.heiroth.com\/wp-content\/uploads\/2025\/05\/20250329-193438-300x200.jpg\"  title=\"20250329 193438\"  data-width=\"300\"  data-height=\"200\" ><\/div><div class=\"rbs-img-data-popup\"  data-popup=\"https:\/\/www.heiroth.com\/wp-content\/uploads\/2025\/05\/20250329-193438.jpg\"  title=\"20250329 193438\" ><\/div><\/div><\/div><div class=\"rbs-img  category15153 \" ><div class=\"rbs-img-image   rbs-lightbox \" ><div class=\"rbs-img-thumbs\"  data-thumbnail=\"https:\/\/www.heiroth.com\/wp-content\/uploads\/2025\/05\/20250329-194938-2-300x200.jpg\"  title=\"20250329 194938 2\"  data-width=\"300\"  data-height=\"200\" ><\/div><div class=\"rbs-img-data-popup\"  data-popup=\"https:\/\/www.heiroth.com\/wp-content\/uploads\/2025\/05\/20250329-194938-2.jpg\"  title=\"20250329 194938 2\" ><\/div><\/div><\/div><div class=\"rbs-img  category15153 \" ><div class=\"rbs-img-image   rbs-lightbox \" ><div class=\"rbs-img-thumbs\"  data-thumbnail=\"https:\/\/www.heiroth.com\/wp-content\/uploads\/2025\/05\/20250329-200350-300x200.jpg\"  title=\"20250329 200350\"  data-width=\"300\"  data-height=\"200\" ><\/div><div class=\"rbs-img-data-popup\"  data-popup=\"https:\/\/www.heiroth.com\/wp-content\/uploads\/2025\/05\/20250329-200350.jpg\"  title=\"20250329 200350\" ><\/div><\/div><\/div><div class=\"rbs-img  category15153 \" ><div class=\"rbs-img-image   rbs-lightbox \" ><div class=\"rbs-img-thumbs\"  data-thumbnail=\"https:\/\/www.heiroth.com\/wp-content\/uploads\/2025\/05\/20250329-201045-2-300x200.jpg\"  title=\"20250329 201045 2\"  data-width=\"300\"  data-height=\"200\" ><\/div><div class=\"rbs-img-data-popup\"  data-popup=\"https:\/\/www.heiroth.com\/wp-content\/uploads\/2025\/05\/20250329-201045-2.jpg\"  title=\"20250329 201045 2\" ><\/div><\/div><\/div><div class=\"rbs-img  category15153 \" ><div class=\"rbs-img-image   rbs-lightbox \" ><div class=\"rbs-img-thumbs\"  data-thumbnail=\"https:\/\/www.heiroth.com\/wp-content\/uploads\/2025\/05\/20250329-201116-300x200.jpg\"  title=\"20250329 201116\"  data-width=\"300\"  data-height=\"200\" ><\/div><div class=\"rbs-img-data-popup\"  data-popup=\"https:\/\/www.heiroth.com\/wp-content\/uploads\/2025\/05\/20250329-201116.jpg\"  title=\"20250329 201116\" ><\/div><\/div><\/div><div class=\"rbs-img  category15153 \" ><div class=\"rbs-img-image   rbs-lightbox \" ><div class=\"rbs-img-thumbs\"  data-thumbnail=\"https:\/\/www.heiroth.com\/wp-content\/uploads\/2025\/05\/20250329-202336-300x200.jpg\"  title=\"20250329 202336\"  data-width=\"300\"  data-height=\"200\" ><\/div><div class=\"rbs-img-data-popup\"  data-popup=\"https:\/\/www.heiroth.com\/wp-content\/uploads\/2025\/05\/20250329-202336.jpg\"  title=\"20250329 202336\" ><\/div><\/div><\/div><div class=\"rbs-img  category15153 \" ><div class=\"rbs-img-image   rbs-lightbox \" ><div class=\"rbs-img-thumbs\"  data-thumbnail=\"https:\/\/www.heiroth.com\/wp-content\/uploads\/2025\/05\/20250329-202635-300x200.jpg\"  title=\"20250329 202635\"  data-width=\"300\"  data-height=\"200\" ><\/div><div class=\"rbs-img-data-popup\"  data-popup=\"https:\/\/www.heiroth.com\/wp-content\/uploads\/2025\/05\/20250329-202635.jpg\"  title=\"20250329 202635\" ><\/div><\/div><\/div><div class=\"rbs-img  category15153 \" ><div class=\"rbs-img-image   rbs-lightbox \" ><div class=\"rbs-img-thumbs\"  data-thumbnail=\"https:\/\/www.heiroth.com\/wp-content\/uploads\/2025\/05\/20250329-212257-300x200.jpg\"  title=\"20250329 212257\"  data-width=\"300\"  data-height=\"200\" ><\/div><div class=\"rbs-img-data-popup\"  data-popup=\"https:\/\/www.heiroth.com\/wp-content\/uploads\/2025\/05\/20250329-212257.jpg\"  title=\"20250329 212257\" ><\/div><\/div><\/div><div class=\"rbs-img  category15153 \" ><div class=\"rbs-img-image   rbs-lightbox \" ><div class=\"rbs-img-thumbs\"  data-thumbnail=\"https:\/\/www.heiroth.com\/wp-content\/uploads\/2025\/05\/20250329-213508-3-300x200.jpg\"  title=\"20250329 213508 3\"  data-width=\"300\"  data-height=\"200\" ><\/div><div class=\"rbs-img-data-popup\"  data-popup=\"https:\/\/www.heiroth.com\/wp-content\/uploads\/2025\/05\/20250329-213508-3.jpg\"  title=\"20250329 213508 3\" ><\/div><\/div><\/div><div class=\"rbs-img  category15153 \" ><div class=\"rbs-img-image   rbs-lightbox \" ><div class=\"rbs-img-thumbs\"  data-thumbnail=\"https:\/\/www.heiroth.com\/wp-content\/uploads\/2025\/05\/20250329-213610-300x200.jpg\"  title=\"20250329 213610\"  data-width=\"300\"  data-height=\"200\" ><\/div><div class=\"rbs-img-data-popup\"  data-popup=\"https:\/\/www.heiroth.com\/wp-content\/uploads\/2025\/05\/20250329-213610.jpg\"  title=\"20250329 213610\" ><\/div><\/div><\/div><div class=\"rbs-img  category15153 \" ><div class=\"rbs-img-image   rbs-lightbox \" ><div class=\"rbs-img-thumbs\"  data-thumbnail=\"https:\/\/www.heiroth.com\/wp-content\/uploads\/2025\/05\/20250329-213756-300x200.jpg\"  title=\"20250329 213756\"  data-width=\"300\"  data-height=\"200\" ><\/div><div class=\"rbs-img-data-popup\"  data-popup=\"https:\/\/www.heiroth.com\/wp-content\/uploads\/2025\/05\/20250329-213756.jpg\"  title=\"20250329 213756\" ><\/div><\/div><\/div><div class=\"rbs-img  category15153 \" ><div class=\"rbs-img-image   rbs-lightbox \" ><div class=\"rbs-img-thumbs\"  data-thumbnail=\"https:\/\/www.heiroth.com\/wp-content\/uploads\/2025\/05\/20250329-213956-300x200.jpg\"  title=\"20250329 213956\"  data-width=\"300\"  data-height=\"200\" ><\/div><div class=\"rbs-img-data-popup\"  data-popup=\"https:\/\/www.heiroth.com\/wp-content\/uploads\/2025\/05\/20250329-213956.jpg\"  title=\"20250329 213956\" ><\/div><\/div><\/div><div class=\"rbs-img  category15153 \" ><div class=\"rbs-img-image   rbs-lightbox \" ><div class=\"rbs-img-thumbs\"  data-thumbnail=\"https:\/\/www.heiroth.com\/wp-content\/uploads\/2025\/05\/20250329-214136-300x200.jpg\"  title=\"20250329 214136\"  data-width=\"300\"  data-height=\"200\" ><\/div><div class=\"rbs-img-data-popup\"  data-popup=\"https:\/\/www.heiroth.com\/wp-content\/uploads\/2025\/05\/20250329-214136.jpg\"  title=\"20250329 214136\" ><\/div><\/div><\/div><div class=\"rbs-img  category15153 \" ><div class=\"rbs-img-image   rbs-lightbox \" ><div class=\"rbs-img-thumbs\"  data-thumbnail=\"https:\/\/www.heiroth.com\/wp-content\/uploads\/2025\/05\/20250329-214420-2-200x300.jpg\"  title=\"20250329 214420 2\"  data-width=\"200\"  data-height=\"300\" ><\/div><div class=\"rbs-img-data-popup\"  data-popup=\"https:\/\/www.heiroth.com\/wp-content\/uploads\/2025\/05\/20250329-214420-2.jpg\"  title=\"20250329 214420 2\" ><\/div><\/div><\/div><div class=\"rbs-img  category15153 \" ><div class=\"rbs-img-image   rbs-lightbox \" ><div class=\"rbs-img-thumbs\"  data-thumbnail=\"https:\/\/www.heiroth.com\/wp-content\/uploads\/2025\/05\/20250329-215424-2-300x200.jpg\"  title=\"20250329 215424 2\"  data-width=\"300\"  data-height=\"200\" ><\/div><div class=\"rbs-img-data-popup\"  data-popup=\"https:\/\/www.heiroth.com\/wp-content\/uploads\/2025\/05\/20250329-215424-2.jpg\"  title=\"20250329 215424 2\" ><\/div><\/div><\/div><div class=\"rbs-img  category15153 \" ><div class=\"rbs-img-image   rbs-lightbox \" ><div class=\"rbs-img-thumbs\"  data-thumbnail=\"https:\/\/www.heiroth.com\/wp-content\/uploads\/2025\/05\/20250329-215857-2-300x200.jpg\"  title=\"20250329 215857 2\"  data-width=\"300\"  data-height=\"200\" ><\/div><div class=\"rbs-img-data-popup\"  data-popup=\"https:\/\/www.heiroth.com\/wp-content\/uploads\/2025\/05\/20250329-215857-2.jpg\"  title=\"20250329 215857 2\" ><\/div><\/div><\/div><div class=\"rbs-img  category15153 \" ><div class=\"rbs-img-image   rbs-lightbox \" ><div class=\"rbs-img-thumbs\"  data-thumbnail=\"https:\/\/www.heiroth.com\/wp-content\/uploads\/2025\/05\/20250329-220221-2-300x200.jpg\"  title=\"20250329 220221 2\"  data-width=\"300\"  data-height=\"200\" ><\/div><div class=\"rbs-img-data-popup\"  data-popup=\"https:\/\/www.heiroth.com\/wp-content\/uploads\/2025\/05\/20250329-220221-2.jpg\"  title=\"20250329 220221 2\" ><\/div><\/div><\/div><div class=\"rbs-img  category15153 \" ><div class=\"rbs-img-image   rbs-lightbox \" ><div class=\"rbs-img-thumbs\"  data-thumbnail=\"https:\/\/www.heiroth.com\/wp-content\/uploads\/2025\/05\/20250329-220512-300x200.jpg\"  title=\"20250329 220512\"  data-width=\"300\"  data-height=\"200\" ><\/div><div class=\"rbs-img-data-popup\"  data-popup=\"https:\/\/www.heiroth.com\/wp-content\/uploads\/2025\/05\/20250329-220512.jpg\"  title=\"20250329 220512\" ><\/div><\/div><\/div><div class=\"rbs-img  category15153 \" ><div class=\"rbs-img-image   rbs-lightbox \" ><div class=\"rbs-img-thumbs\"  data-thumbnail=\"https:\/\/www.heiroth.com\/wp-content\/uploads\/2025\/05\/20250329-220514-2-300x200.jpg\"  title=\"20250329 220514 2\"  data-width=\"300\"  data-height=\"200\" ><\/div><div class=\"rbs-img-data-popup\"  data-popup=\"https:\/\/www.heiroth.com\/wp-content\/uploads\/2025\/05\/20250329-220514-2.jpg\"  title=\"20250329 220514 2\" ><\/div><\/div><\/div><div class=\"rbs-img  category15153 \" ><div class=\"rbs-img-image   rbs-lightbox \" ><div class=\"rbs-img-thumbs\"  data-thumbnail=\"https:\/\/www.heiroth.com\/wp-content\/uploads\/2025\/05\/20250329-220624-300x200.jpg\"  title=\"20250329 220624\"  data-width=\"300\"  data-height=\"200\" ><\/div><div class=\"rbs-img-data-popup\"  data-popup=\"https:\/\/www.heiroth.com\/wp-content\/uploads\/2025\/05\/20250329-220624.jpg\"  title=\"20250329 220624\" ><\/div><\/div><\/div><div class=\"rbs-img  category15153 \" ><div class=\"rbs-img-image   rbs-lightbox \" ><div class=\"rbs-img-thumbs\"  data-thumbnail=\"https:\/\/www.heiroth.com\/wp-content\/uploads\/2025\/05\/20250329-220831-2-200x300.jpg\"  title=\"20250329 220831 2\"  data-width=\"200\"  data-height=\"300\" ><\/div><div class=\"rbs-img-data-popup\"  data-popup=\"https:\/\/www.heiroth.com\/wp-content\/uploads\/2025\/05\/20250329-220831-2.jpg\"  title=\"20250329 220831 2\" ><\/div><\/div><\/div><div class=\"rbs-img  category15153 \" ><div class=\"rbs-img-image   rbs-lightbox \" ><div class=\"rbs-img-thumbs\"  data-thumbnail=\"https:\/\/www.heiroth.com\/wp-content\/uploads\/2025\/05\/20250329-195343-2-300x200.jpg\"  title=\"20250329 195343 2\"  data-width=\"300\"  data-height=\"200\" ><\/div><div class=\"rbs-img-data-popup\"  data-popup=\"https:\/\/www.heiroth.com\/wp-content\/uploads\/2025\/05\/20250329-195343-2.jpg\"  title=\"20250329 195343 2\" ><\/div><\/div><\/div><\/div><\/div><\/div><script>var rbs_gallery_69e211a50aa1d = {\"version\":\"5.1.4\",\"id\":15153,\"class\":\"id15153\",\"roboGalleryDelay\":1000,\"mainContainer\":\"#robo_gallery_main_block_rbs_gallery_69e211a50aa1d\",\"loadingContainer\":\"#rbs_gallery_69e211a50aa1d-block-loader\",\"loadingContainerObj\":\"rbs_gallery_69e211a50aa1d-block-loader\",\"columnWidth\":\"auto\",\"columns\":4,\"resolutions\":[{\"columnWidth\":\"auto\",\"columns\":3,\"maxWidth\":960},{\"columnWidth\":\"auto\",\"columns\":2,\"maxWidth\":650},{\"columnWidth\":\"auto\",\"columns\":2,\"maxWidth\":450}],\"hideTitle\":true,\"lightboxOptions\":{\"gallery\":{\"enabled\":true,\"tCounter\":\"%curr% of %total%\"}},\"overlayEffect\":\"direction-aware-fade\",\"boxesToLoadStart\":20,\"boxesToLoad\":20,\"waitUntilThumbLoads\":1,\"LoadingWord\":\"Loading...\",\"loadMoreWord\":\"Load More\",\"noMoreEntriesWord\":\"No More Entries\",\"horizontalSpaceBetweenBoxes\":15,\"verticalSpaceBetweenBoxes\":15,\"lazyLoad\":1,\"wrapContainer\":\"#robo-gallery-wrap-rbs_gallery_69e211a50aa1d\"};<\/script>\n","protected":false},"excerpt":{"rendered":"<p>28. M\u00e4rz 2025: Stephan Michme mit seinem Solo-Program &#8222;Liebe qu\u00e4lt&#8220; im Hengstmanns in Magdeburg.<\/p>\n","protected":false},"author":1,"featured_media":0,"parent":14642,"menu_order":995,"comment_status":"closed","ping_status":"closed","template":"templates\/full-width-page.php","meta":{"footnotes":""},"class_list":["post-15154","page","type-page","status-publish","hentry"],"_links":{"self":[{"href":"https:\/\/www.heiroth.com\/index.php\/wp-json\/wp\/v2\/pages\/15154","targetHints":{"allow":["GET"]}}],"collection":[{"href":"https:\/\/www.heiroth.com\/index.php\/wp-json\/wp\/v2\/pages"}],"about":[{"href":"https:\/\/www.heiroth.com\/index.php\/wp-json\/wp\/v2\/types\/page"}],"author":[{"embeddable":true,"href":"https:\/\/www.heiroth.com\/index.php\/wp-json\/wp\/v2\/users\/1"}],"replies":[{"embeddable":true,"href":"https:\/\/www.heiroth.com\/index.php\/wp-json\/wp\/v2\/comments?post=15154"}],"version-history":[{"count":2,"href":"https:\/\/www.heiroth.com\/index.php\/wp-json\/wp\/v2\/pages\/15154\/revisions"}],"predecessor-version":[{"id":15159,"href":"https:\/\/www.heiroth.com\/index.php\/wp-json\/wp\/v2\/pages\/15154\/revisions\/15159"}],"up":[{"embeddable":true,"href":"https:\/\/www.heiroth.com\/index.php\/wp-json\/wp\/v2\/pages\/14642"}],"wp:attachment":[{"href":"https:\/\/www.heiroth.com\/index.php\/wp-json\/wp\/v2\/media?parent=15154"}],"curies":[{"name":"wp","href":"https:\/\/api.w.org\/{rel}","templated":true}]}}