{"id":12102,"date":"2023-07-07T23:00:44","date_gmt":"2023-07-07T21:00:44","guid":{"rendered":"http:\/\/www.heiroth.com\/?page_id=12102"},"modified":"2023-07-17T14:24:23","modified_gmt":"2023-07-17T12:24:23","slug":"depeche-mode-in-berlin","status":"publish","type":"page","link":"https:\/\/www.heiroth.com\/index.php\/konzerte-2023\/depeche-mode-in-berlin\/","title":{"rendered":"Depeche Mode"},"content":{"rendered":"<p>Am 7. Juli 2023 ging ein gro\u00dfer Wunsch von mir in Erf\u00fcllung &#8211; einmal Fotos bei einem Konzert von Depeche Mode machen zu d\u00fcrfen. \u00dcber gl\u00fcckliche Umst\u00e4nde bot sich die M\u00f6glichkeit, die Band im Berliner Olympiastadion f\u00fcr <strong>depechemode.de<\/strong> zu fotografieren. Leider nur die \u00fcblichen 3 Songs, aber das reichte aus um viele tolle Aufnahmen zu machen. Auf der Seite <strong><a href=\"https:\/\/www.depechemode.de\/olympisches-heimspiel-fur-depeche-mode-berlin-07-07-2023-84027\/\">www.depechemode.de<\/a><\/strong> gibt es einen Konzertbericht sowie einige Fotos vom Konzert. Die Fotogalerie findest du nach dem Bericht und vor den Fanmeinungen bzw. vor der Setlist. Das war schon echt etwas besonderes und einmaliges, 70.000 Fans im R\u00fccken zu haben.<\/p>\n<p>An dieser Stelle vielen Dank an Daniela V. sowie an Thomas B\u00e4stlein, dass ich diese einmalige Gelegenheit nutzen konnte!!!<\/p>\n<p><strong><span style=\"text-align: center;\">Klicke auf das Bild um zum Bericht und zu den Fotos zu kommen.<\/span><\/strong><\/p>\n<p><a href=\"https:\/\/www.depechemode.de\/olympisches-heimspiel-fur-depeche-mode-berlin-07-07-2023-84027\/\"><img loading=\"lazy\" decoding=\"async\" class=\"aligncenter size-large wp-image-12100\" src=\"https:\/\/www.heiroth.com\/wp-content\/uploads\/2023\/07\/2023_07_15-112155-2-1024x682.jpg\" alt=\"\" width=\"980\" height=\"653\" srcset=\"https:\/\/www.heiroth.com\/wp-content\/uploads\/2023\/07\/2023_07_15-112155-2-1024x682.jpg 1024w, https:\/\/www.heiroth.com\/wp-content\/uploads\/2023\/07\/2023_07_15-112155-2-300x200.jpg 300w, https:\/\/www.heiroth.com\/wp-content\/uploads\/2023\/07\/2023_07_15-112155-2-768x512.jpg 768w, https:\/\/www.heiroth.com\/wp-content\/uploads\/2023\/07\/2023_07_15-112155-2-1536x1024.jpg 1536w, https:\/\/www.heiroth.com\/wp-content\/uploads\/2023\/07\/2023_07_15-112155-2-690x460.jpg 690w, https:\/\/www.heiroth.com\/wp-content\/uploads\/2023\/07\/2023_07_15-112155-2-980x653.jpg 980w, https:\/\/www.heiroth.com\/wp-content\/uploads\/2023\/07\/2023_07_15-112155-2.jpg 2000w\" sizes=\"auto, (max-width: 980px) 100vw, 980px\" \/><\/a><\/p>\n","protected":false},"excerpt":{"rendered":"<p>Am 7. Juli 2023 ging ein gro\u00dfer Wunsch von mir in Erf\u00fcllung &#8211; einmal Fotos bei einem Konzert von Depeche Mode machen zu d\u00fcrfen. \u00dcber gl\u00fcckliche Umst\u00e4nde bot sich die M\u00f6glichkeit, die Band im Berliner Olympiastadion f\u00fcr depechemode.de zu fotografieren. Leider nur die \u00fcblichen 3 Songs, aber das reichte aus um viele tolle Aufnahmen zu [&hellip;]<\/p>\n","protected":false},"author":1,"featured_media":0,"parent":10932,"menu_order":0,"comment_status":"closed","ping_status":"closed","template":"templates\/full-width-page.php","meta":{"footnotes":""},"class_list":["post-12102","page","type-page","status-publish","hentry"],"_links":{"self":[{"href":"https:\/\/www.heiroth.com\/index.php\/wp-json\/wp\/v2\/pages\/12102","targetHints":{"allow":["GET"]}}],"collection":[{"href":"https:\/\/www.heiroth.com\/index.php\/wp-json\/wp\/v2\/pages"}],"about":[{"href":"https:\/\/www.heiroth.com\/index.php\/wp-json\/wp\/v2\/types\/page"}],"author":[{"embeddable":true,"href":"https:\/\/www.heiroth.com\/index.php\/wp-json\/wp\/v2\/users\/1"}],"replies":[{"embeddable":true,"href":"https:\/\/www.heiroth.com\/index.php\/wp-json\/wp\/v2\/comments?post=12102"}],"version-history":[{"count":15,"href":"https:\/\/www.heiroth.com\/index.php\/wp-json\/wp\/v2\/pages\/12102\/revisions"}],"predecessor-version":[{"id":12182,"href":"https:\/\/www.heiroth.com\/index.php\/wp-json\/wp\/v2\/pages\/12102\/revisions\/12182"}],"up":[{"embeddable":true,"href":"https:\/\/www.heiroth.com\/index.php\/wp-json\/wp\/v2\/pages\/10932"}],"wp:attachment":[{"href":"https:\/\/www.heiroth.com\/index.php\/wp-json\/wp\/v2\/media?parent=12102"}],"curies":[{"name":"wp","href":"https:\/\/api.w.org\/{rel}","templated":true}]}}