{"id":12092,"date":"2023-07-08T22:22:35","date_gmt":"2023-07-08T20:22:35","guid":{"rendered":"http:\/\/www.heiroth.com\/?page_id=12092"},"modified":"2023-12-21T07:30:08","modified_gmt":"2023-12-21T06:30:08","slug":"lacuna-coil-beim-rockharz","status":"publish","type":"page","link":"https:\/\/www.heiroth.com\/index.php\/konzerte-2023\/lacuna-coil-beim-rockharz\/","title":{"rendered":"Lacuna Coil"},"content":{"rendered":"<p>8. Juli 2023: Mein pers\u00f6nliches Highlight beim diesj\u00e4hrigen ROCKHARZ waren die Fotos auf der B\u00fchne von Lacuna Coil mit Frontfrau Cristina Scabbia und Frontmann Andrea Ferro.<\/p>\n<p><strong>Cristina<\/strong>: Ti ho fatto dei ritratti bellissimi qualche anno fa. Grazie per avermi firmato queste foto. E un altro grande grazie per avermi permesso di fotografarti dal palco. Spero che le foto piacciano a te e alla band. La band ha gi\u00e0 pubblicato alcune foto.<\/p>\n<style type=\"text\/css\" scoped>.rbs_gallery_69ec80ba1027bSpinner{\r\n\t\t\t\tmargin: 50px auto;\r\n\t\t\t\twidth: 50px;\r\n\t\t\t\theight: 40px;\r\n\t\t\t\ttext-align: center;\r\n\t\t\t\tfont-size: 10px;\r\n\t\t\t}\r\n\t\t\t.rbs_gallery_69ec80ba1027bSpinner > div{\r\n\t\t\t  background-color: #333;\r\n\t\t\t  height: 100%;\r\n\t\t\t  width: 6px;\r\n\t\t\t  display: inline-block;\r\n\t\t\t  -webkit-animation: rbs_gallery_69ec80ba1027b-stretchdelay 1.2s infinite ease-in-out;\r\n\t\t\t  animation: rbs_gallery_69ec80ba1027b-stretchdelay 1.2s infinite ease-in-out;\r\n\t\t\t}\r\n\t\t\t.rbs_gallery_69ec80ba1027bSpinner .rbs_gallery_69ec80ba1027bRect2 {\r\n\t\t\t  -webkit-animation-delay: -1.1s;\r\n\t\t\t  animation-delay: -1.1s;\r\n\t\t\t}\r\n\t\t\t.rbs_gallery_69ec80ba1027bSpinner .rbs_gallery_69ec80ba1027bRect3 {\r\n\t\t\t  -webkit-animation-delay: -1.0s;\r\n\t\t\t  animation-delay: -1.0s;\r\n\t\t\t}\r\n\t\t\t.rbs_gallery_69ec80ba1027bSpinner .rbs_gallery_69ec80ba1027bRect4 {\r\n\t\t\t  -webkit-animation-delay: -0.9s;\r\n\t\t\t  animation-delay: -0.9s;\r\n\t\t\t}\r\n\t\t\t.rbs_gallery_69ec80ba1027bSpinner .rbs_gallery_69ec80ba1027bRect5 {\r\n\t\t\t  -webkit-animation-delay: -0.8s;\r\n\t\t\t  animation-delay: -0.8s;\r\n\t\t\t}\r\n\t\t\t@-webkit-keyframes rbs_gallery_69ec80ba1027b-stretchdelay {\r\n\t\t\t  0%, 40%, 100% { -webkit-transform: scaleY(0.4) }  \r\n\t\t\t  20% { -webkit-transform: scaleY(1.0) }\r\n\t\t\t}\r\n\t\t\t@keyframes rbs_gallery_69ec80ba1027b-stretchdelay {\r\n\t\t\t  0%, 40%, 100% { \r\n\t\t\t    transform: scaleY(0.4);\r\n\t\t\t    -webkit-transform: scaleY(0.4);\r\n\t\t\t  }  20% { \r\n\t\t\t    transform: scaleY(1.0);\r\n\t\t\t    -webkit-transform: scaleY(1.0);\r\n\t\t\t  }\r\n\t\t\t}\r\n\t\t<\/style><div class=\"robo-gallery-wrap robo-gallery-wrap-id12091 robo-gallery-\" ><div id=\"rbs_gallery_69ec80ba1027b-block-loader\" class=\"rbs_gallery_69ec80ba1027bSpinner\"><div class=\"rbs_gallery_69ec80ba1027bRect1\"><\/div> <div class=\"rbs_gallery_69ec80ba1027bRect2\"><\/div> <div class=\"rbs_gallery_69ec80ba1027bRect3\"><\/div> <div class=\"rbs_gallery_69ec80ba1027bRect4\"><\/div> <div class=\"rbs_gallery_69ec80ba1027bRect5\"><\/div><\/div><div id=\"robo_gallery_main_block_rbs_gallery_69ec80ba1027b\" class=\"robogallery-gallery-12091\" style=\"width:100%;  display: none;\"><div id=\"rbs_gallery_69ec80ba1027b\" data-options=\"rbs_gallery_69ec80ba1027b\" style=\"width:100%;\" class=\"robo_gallery  \"><div class=\"rbs-img  category12091 \" ><div class=\"rbs-img-image   rbs-lightbox \" ><div class=\"rbs-img-thumbs\"  data-thumbnail=\"https:\/\/www.heiroth.com\/wp-content\/uploads\/2023\/07\/2023_07_08-175820-300x200.jpg\"  title=\"2023 07 08 175820\"  data-width=\"300\"  data-height=\"200\" ><\/div><div class=\"rbs-img-data-popup\"  data-popup=\"https:\/\/www.heiroth.com\/wp-content\/uploads\/2023\/07\/2023_07_08-175820.jpg\"  title=\"2023 07 08 175820\" ><\/div><\/div><\/div><div class=\"rbs-img  category12091 \" ><div class=\"rbs-img-image   rbs-lightbox \" ><div class=\"rbs-img-thumbs\"  data-thumbnail=\"https:\/\/www.heiroth.com\/wp-content\/uploads\/2023\/07\/2023_07_08-180334-300x200.jpg\"  title=\"2023 07 08 180334\"  data-width=\"300\"  data-height=\"200\" ><\/div><div class=\"rbs-img-data-popup\"  data-popup=\"https:\/\/www.heiroth.com\/wp-content\/uploads\/2023\/07\/2023_07_08-180334.jpg\"  title=\"2023 07 08 180334\" ><\/div><\/div><\/div><div class=\"rbs-img  category12091 \" ><div class=\"rbs-img-image   rbs-lightbox \" ><div class=\"rbs-img-thumbs\"  data-thumbnail=\"https:\/\/www.heiroth.com\/wp-content\/uploads\/2023\/07\/2023_07_08-180530-300x200.jpg\"  title=\"2023 07 08 180530\"  data-width=\"300\"  data-height=\"200\" ><\/div><div class=\"rbs-img-data-popup\"  data-popup=\"https:\/\/www.heiroth.com\/wp-content\/uploads\/2023\/07\/2023_07_08-180530.jpg\"  title=\"2023 07 08 180530\" ><\/div><\/div><\/div><div class=\"rbs-img  category12091 \" ><div class=\"rbs-img-image   rbs-lightbox \" ><div class=\"rbs-img-thumbs\"  data-thumbnail=\"https:\/\/www.heiroth.com\/wp-content\/uploads\/2023\/07\/2023_07_08-180649-300x200.jpg\"  title=\"2023 07 08 180649\"  data-width=\"300\"  data-height=\"200\" ><\/div><div class=\"rbs-img-data-popup\"  data-popup=\"https:\/\/www.heiroth.com\/wp-content\/uploads\/2023\/07\/2023_07_08-180649.jpg\"  title=\"2023 07 08 180649\" ><\/div><\/div><\/div><div class=\"rbs-img  category12091 \" ><div class=\"rbs-img-image   rbs-lightbox \" ><div class=\"rbs-img-thumbs\"  data-thumbnail=\"https:\/\/www.heiroth.com\/wp-content\/uploads\/2023\/07\/2023_07_08-180707-300x200.jpg\"  title=\"2023 07 08 180707\"  data-width=\"300\"  data-height=\"200\" ><\/div><div class=\"rbs-img-data-popup\"  data-popup=\"https:\/\/www.heiroth.com\/wp-content\/uploads\/2023\/07\/2023_07_08-180707.jpg\"  title=\"2023 07 08 180707\" ><\/div><\/div><\/div><div class=\"rbs-img  category12091 \" ><div class=\"rbs-img-image   rbs-lightbox \" ><div class=\"rbs-img-thumbs\"  data-thumbnail=\"https:\/\/www.heiroth.com\/wp-content\/uploads\/2023\/07\/2023_07_08-180807-300x200.jpg\"  title=\"2023 07 08 180807\"  data-width=\"300\"  data-height=\"200\" ><\/div><div class=\"rbs-img-data-popup\"  data-popup=\"https:\/\/www.heiroth.com\/wp-content\/uploads\/2023\/07\/2023_07_08-180807.jpg\"  title=\"2023 07 08 180807\" ><\/div><\/div><\/div><div class=\"rbs-img  category12091 \" ><div class=\"rbs-img-image   rbs-lightbox \" ><div class=\"rbs-img-thumbs\"  data-thumbnail=\"https:\/\/www.heiroth.com\/wp-content\/uploads\/2023\/07\/2023_07_08-181108-300x200.jpg\"  title=\"2023 07 08 181108\"  data-width=\"300\"  data-height=\"200\" ><\/div><div class=\"rbs-img-data-popup\"  data-popup=\"https:\/\/www.heiroth.com\/wp-content\/uploads\/2023\/07\/2023_07_08-181108.jpg\"  title=\"2023 07 08 181108\" ><\/div><\/div><\/div><div class=\"rbs-img  category12091 \" ><div class=\"rbs-img-image   rbs-lightbox \" ><div class=\"rbs-img-thumbs\"  data-thumbnail=\"https:\/\/www.heiroth.com\/wp-content\/uploads\/2023\/07\/2023_07_08-181227-300x200.jpg\"  title=\"2023 07 08 181227\"  data-width=\"300\"  data-height=\"200\" ><\/div><div class=\"rbs-img-data-popup\"  data-popup=\"https:\/\/www.heiroth.com\/wp-content\/uploads\/2023\/07\/2023_07_08-181227.jpg\"  title=\"2023 07 08 181227\" ><\/div><\/div><\/div><div class=\"rbs-img  category12091 \" ><div class=\"rbs-img-image   rbs-lightbox \" ><div class=\"rbs-img-thumbs\"  data-thumbnail=\"https:\/\/www.heiroth.com\/wp-content\/uploads\/2023\/07\/2023_07_08-181253-300x200.jpg\"  title=\"2023 07 08 181253\"  data-width=\"300\"  data-height=\"200\" ><\/div><div class=\"rbs-img-data-popup\"  data-popup=\"https:\/\/www.heiroth.com\/wp-content\/uploads\/2023\/07\/2023_07_08-181253.jpg\"  title=\"2023 07 08 181253\" ><\/div><\/div><\/div><div class=\"rbs-img  category12091 \" ><div class=\"rbs-img-image   rbs-lightbox \" ><div class=\"rbs-img-thumbs\"  data-thumbnail=\"https:\/\/www.heiroth.com\/wp-content\/uploads\/2023\/07\/2023_07_08-181256-300x200.jpg\"  title=\"2023 07 08 181256\"  data-width=\"300\"  data-height=\"200\" ><\/div><div class=\"rbs-img-data-popup\"  data-popup=\"https:\/\/www.heiroth.com\/wp-content\/uploads\/2023\/07\/2023_07_08-181256.jpg\"  title=\"2023 07 08 181256\" ><\/div><\/div><\/div><div class=\"rbs-img  category12091 \" ><div class=\"rbs-img-image   rbs-lightbox \" ><div class=\"rbs-img-thumbs\"  data-thumbnail=\"https:\/\/www.heiroth.com\/wp-content\/uploads\/2023\/07\/2023_07_08-181336-300x200.jpg\"  title=\"2023 07 08 181336\"  data-width=\"300\"  data-height=\"200\" ><\/div><div class=\"rbs-img-data-popup\"  data-popup=\"https:\/\/www.heiroth.com\/wp-content\/uploads\/2023\/07\/2023_07_08-181336.jpg\"  title=\"2023 07 08 181336\" ><\/div><\/div><\/div><div class=\"rbs-img  category12091 \" ><div class=\"rbs-img-image   rbs-lightbox \" ><div class=\"rbs-img-thumbs\"  data-thumbnail=\"https:\/\/www.heiroth.com\/wp-content\/uploads\/2023\/07\/2023_07_08-181339-300x200.jpg\"  title=\"2023 07 08 181339\"  data-width=\"300\"  data-height=\"200\" ><\/div><div class=\"rbs-img-data-popup\"  data-popup=\"https:\/\/www.heiroth.com\/wp-content\/uploads\/2023\/07\/2023_07_08-181339.jpg\"  title=\"2023 07 08 181339\" ><\/div><\/div><\/div><div class=\"rbs-img  category12091 \" ><div class=\"rbs-img-image   rbs-lightbox \" ><div class=\"rbs-img-thumbs\"  data-thumbnail=\"https:\/\/www.heiroth.com\/wp-content\/uploads\/2023\/07\/2023_07_08-181342-2-300x200.jpg\"  title=\"2023 07 08 181342 2\"  data-width=\"300\"  data-height=\"200\" ><\/div><div class=\"rbs-img-data-popup\"  data-popup=\"https:\/\/www.heiroth.com\/wp-content\/uploads\/2023\/07\/2023_07_08-181342-2.jpg\"  title=\"2023 07 08 181342 2\" ><\/div><\/div><\/div><div class=\"rbs-img  category12091 \" ><div class=\"rbs-img-image   rbs-lightbox \" ><div class=\"rbs-img-thumbs\"  data-thumbnail=\"https:\/\/www.heiroth.com\/wp-content\/uploads\/2023\/07\/2023_07_08-181344-300x200.jpg\"  title=\"2023 07 08 181344\"  data-width=\"300\"  data-height=\"200\" ><\/div><div class=\"rbs-img-data-popup\"  data-popup=\"https:\/\/www.heiroth.com\/wp-content\/uploads\/2023\/07\/2023_07_08-181344.jpg\"  title=\"2023 07 08 181344\" ><\/div><\/div><\/div><div class=\"rbs-img  category12091 \" ><div class=\"rbs-img-image   rbs-lightbox \" ><div class=\"rbs-img-thumbs\"  data-thumbnail=\"https:\/\/www.heiroth.com\/wp-content\/uploads\/2023\/07\/2023_07_08-181354-300x200.jpg\"  title=\"2023 07 08 181354\"  data-width=\"300\"  data-height=\"200\" ><\/div><div class=\"rbs-img-data-popup\"  data-popup=\"https:\/\/www.heiroth.com\/wp-content\/uploads\/2023\/07\/2023_07_08-181354.jpg\"  title=\"2023 07 08 181354\" ><\/div><\/div><\/div><div class=\"rbs-img  category12091 \" ><div class=\"rbs-img-image   rbs-lightbox \" ><div class=\"rbs-img-thumbs\"  data-thumbnail=\"https:\/\/www.heiroth.com\/wp-content\/uploads\/2023\/07\/2023_07_08-181548-300x200.jpg\"  title=\"2023 07 08 181548\"  data-width=\"300\"  data-height=\"200\" ><\/div><div class=\"rbs-img-data-popup\"  data-popup=\"https:\/\/www.heiroth.com\/wp-content\/uploads\/2023\/07\/2023_07_08-181548.jpg\"  title=\"2023 07 08 181548\" ><\/div><\/div><\/div><div class=\"rbs-img  category12091 \" ><div class=\"rbs-img-image   rbs-lightbox \" ><div class=\"rbs-img-thumbs\"  data-thumbnail=\"https:\/\/www.heiroth.com\/wp-content\/uploads\/2023\/07\/2023_07_08-181610-2-300x200.jpg\"  title=\"2023 07 08 181610 2\"  data-width=\"300\"  data-height=\"200\" ><\/div><div class=\"rbs-img-data-popup\"  data-popup=\"https:\/\/www.heiroth.com\/wp-content\/uploads\/2023\/07\/2023_07_08-181610-2.jpg\"  title=\"2023 07 08 181610 2\" ><\/div><\/div><\/div><div class=\"rbs-img  category12091 \" ><div class=\"rbs-img-image   rbs-lightbox \" ><div class=\"rbs-img-thumbs\"  data-thumbnail=\"https:\/\/www.heiroth.com\/wp-content\/uploads\/2023\/07\/2023_07_08-181643-2-300x200.jpg\"  title=\"2023 07 08 181643 2\"  data-width=\"300\"  data-height=\"200\" ><\/div><div class=\"rbs-img-data-popup\"  data-popup=\"https:\/\/www.heiroth.com\/wp-content\/uploads\/2023\/07\/2023_07_08-181643-2.jpg\"  title=\"2023 07 08 181643 2\" ><\/div><\/div><\/div><div class=\"rbs-img  category12091 \" ><div class=\"rbs-img-image   rbs-lightbox \" ><div class=\"rbs-img-thumbs\"  data-thumbnail=\"https:\/\/www.heiroth.com\/wp-content\/uploads\/2023\/07\/2023_07_08-181847-2-300x200.jpg\"  title=\"2023 07 08 181847 2\"  data-width=\"300\"  data-height=\"200\" ><\/div><div class=\"rbs-img-data-popup\"  data-popup=\"https:\/\/www.heiroth.com\/wp-content\/uploads\/2023\/07\/2023_07_08-181847-2.jpg\"  title=\"2023 07 08 181847 2\" ><\/div><\/div><\/div><div class=\"rbs-img  category12091 \" ><div class=\"rbs-img-image   rbs-lightbox \" ><div class=\"rbs-img-thumbs\"  data-thumbnail=\"https:\/\/www.heiroth.com\/wp-content\/uploads\/2023\/07\/2023_07_08-181847-300x200.jpg\"  title=\"2023 07 08 181847\"  data-width=\"300\"  data-height=\"200\" ><\/div><div class=\"rbs-img-data-popup\"  data-popup=\"https:\/\/www.heiroth.com\/wp-content\/uploads\/2023\/07\/2023_07_08-181847.jpg\"  title=\"2023 07 08 181847\" ><\/div><\/div><\/div><div class=\"rbs-img  category12091 \" ><div class=\"rbs-img-image   rbs-lightbox \" ><div class=\"rbs-img-thumbs\"  data-thumbnail=\"https:\/\/www.heiroth.com\/wp-content\/uploads\/2023\/07\/2023_07_08-181917-300x200.jpg\"  title=\"2023 07 08 181917\"  data-width=\"300\"  data-height=\"200\" ><\/div><div class=\"rbs-img-data-popup\"  data-popup=\"https:\/\/www.heiroth.com\/wp-content\/uploads\/2023\/07\/2023_07_08-181917.jpg\"  title=\"2023 07 08 181917\" ><\/div><\/div><\/div><div class=\"rbs-img  category12091 \" ><div class=\"rbs-img-image   rbs-lightbox \" ><div class=\"rbs-img-thumbs\"  data-thumbnail=\"https:\/\/www.heiroth.com\/wp-content\/uploads\/2023\/07\/2023_07_08-182215-2-300x200.jpg\"  title=\"2023 07 08 182215 2\"  data-width=\"300\"  data-height=\"200\" ><\/div><div class=\"rbs-img-data-popup\"  data-popup=\"https:\/\/www.heiroth.com\/wp-content\/uploads\/2023\/07\/2023_07_08-182215-2.jpg\"  title=\"2023 07 08 182215 2\" ><\/div><\/div><\/div><div class=\"rbs-img  category12091 \" ><div class=\"rbs-img-image   rbs-lightbox \" ><div class=\"rbs-img-thumbs\"  data-thumbnail=\"https:\/\/www.heiroth.com\/wp-content\/uploads\/2023\/07\/2023_07_08-182304-300x200.jpg\"  title=\"2023 07 08 182304\"  data-width=\"300\"  data-height=\"200\" ><\/div><div class=\"rbs-img-data-popup\"  data-popup=\"https:\/\/www.heiroth.com\/wp-content\/uploads\/2023\/07\/2023_07_08-182304.jpg\"  title=\"2023 07 08 182304\" ><\/div><\/div><\/div><div class=\"rbs-img  category12091 \" ><div class=\"rbs-img-image   rbs-lightbox \" ><div class=\"rbs-img-thumbs\"  data-thumbnail=\"https:\/\/www.heiroth.com\/wp-content\/uploads\/2023\/07\/2023_07_08-182414-300x200.jpg\"  title=\"2023 07 08 182414\"  data-width=\"300\"  data-height=\"200\" ><\/div><div class=\"rbs-img-data-popup\"  data-popup=\"https:\/\/www.heiroth.com\/wp-content\/uploads\/2023\/07\/2023_07_08-182414.jpg\"  title=\"2023 07 08 182414\" ><\/div><\/div><\/div><div class=\"rbs-img  category12091 \" ><div class=\"rbs-img-image   rbs-lightbox \" ><div class=\"rbs-img-thumbs\"  data-thumbnail=\"https:\/\/www.heiroth.com\/wp-content\/uploads\/2023\/07\/2023_07_08-182819-300x200.jpg\"  title=\"2023 07 08 182819\"  data-width=\"300\"  data-height=\"200\" ><\/div><div class=\"rbs-img-data-popup\"  data-popup=\"https:\/\/www.heiroth.com\/wp-content\/uploads\/2023\/07\/2023_07_08-182819.jpg\"  title=\"2023 07 08 182819\" ><\/div><\/div><\/div><div class=\"rbs-img  category12091 \" ><div class=\"rbs-img-image   rbs-lightbox \" ><div class=\"rbs-img-thumbs\"  data-thumbnail=\"https:\/\/www.heiroth.com\/wp-content\/uploads\/2023\/07\/2023_07_08-182829-300x200.jpg\"  title=\"2023 07 08 182829\"  data-width=\"300\"  data-height=\"200\" ><\/div><div class=\"rbs-img-data-popup\"  data-popup=\"https:\/\/www.heiroth.com\/wp-content\/uploads\/2023\/07\/2023_07_08-182829.jpg\"  title=\"2023 07 08 182829\" ><\/div><\/div><\/div><div class=\"rbs-img  category12091 \" ><div class=\"rbs-img-image   rbs-lightbox \" ><div class=\"rbs-img-thumbs\"  data-thumbnail=\"https:\/\/www.heiroth.com\/wp-content\/uploads\/2023\/07\/2023_07_08-182845-2-300x200.jpg\"  title=\"2023 07 08 182845 2\"  data-width=\"300\"  data-height=\"200\" ><\/div><div class=\"rbs-img-data-popup\"  data-popup=\"https:\/\/www.heiroth.com\/wp-content\/uploads\/2023\/07\/2023_07_08-182845-2.jpg\"  title=\"2023 07 08 182845 2\" ><\/div><\/div><\/div><div class=\"rbs-img  category12091 \" ><div class=\"rbs-img-image   rbs-lightbox \" ><div class=\"rbs-img-thumbs\"  data-thumbnail=\"https:\/\/www.heiroth.com\/wp-content\/uploads\/2023\/07\/2023_07_08-182855-2-300x200.jpg\"  title=\"2023 07 08 182855 2\"  data-width=\"300\"  data-height=\"200\" ><\/div><div class=\"rbs-img-data-popup\"  data-popup=\"https:\/\/www.heiroth.com\/wp-content\/uploads\/2023\/07\/2023_07_08-182855-2.jpg\"  title=\"2023 07 08 182855 2\" ><\/div><\/div><\/div><div class=\"rbs-img  category12091 \" ><div class=\"rbs-img-image   rbs-lightbox \" ><div class=\"rbs-img-thumbs\"  data-thumbnail=\"https:\/\/www.heiroth.com\/wp-content\/uploads\/2023\/07\/2023_07_08-182859-300x200.jpg\"  title=\"2023 07 08 182859\"  data-width=\"300\"  data-height=\"200\" ><\/div><div class=\"rbs-img-data-popup\"  data-popup=\"https:\/\/www.heiroth.com\/wp-content\/uploads\/2023\/07\/2023_07_08-182859.jpg\"  title=\"2023 07 08 182859\" ><\/div><\/div><\/div><div class=\"rbs-img  category12091 \" ><div class=\"rbs-img-image   rbs-lightbox \" ><div class=\"rbs-img-thumbs\"  data-thumbnail=\"https:\/\/www.heiroth.com\/wp-content\/uploads\/2023\/07\/2023_07_08-183411-2-300x200.jpg\"  title=\"2023 07 08 183411 2\"  data-width=\"300\"  data-height=\"200\" ><\/div><div class=\"rbs-img-data-popup\"  data-popup=\"https:\/\/www.heiroth.com\/wp-content\/uploads\/2023\/07\/2023_07_08-183411-2.jpg\"  title=\"2023 07 08 183411 2\" ><\/div><\/div><\/div><div class=\"rbs-img  category12091 \" ><div class=\"rbs-img-image   rbs-lightbox \" ><div class=\"rbs-img-thumbs\"  data-thumbnail=\"https:\/\/www.heiroth.com\/wp-content\/uploads\/2023\/07\/2023_07_08-183416-300x200.jpg\"  title=\"2023 07 08 183416\"  data-width=\"300\"  data-height=\"200\" ><\/div><div class=\"rbs-img-data-popup\"  data-popup=\"https:\/\/www.heiroth.com\/wp-content\/uploads\/2023\/07\/2023_07_08-183416.jpg\"  title=\"2023 07 08 183416\" ><\/div><\/div><\/div><div class=\"rbs-img  category12091 \" ><div class=\"rbs-img-image   rbs-lightbox \" ><div class=\"rbs-img-thumbs\"  data-thumbnail=\"https:\/\/www.heiroth.com\/wp-content\/uploads\/2023\/07\/2023_07_08-183421-2-200x300.jpg\"  title=\"2023 07 08 183421 2\"  data-width=\"200\"  data-height=\"300\" ><\/div><div class=\"rbs-img-data-popup\"  data-popup=\"https:\/\/www.heiroth.com\/wp-content\/uploads\/2023\/07\/2023_07_08-183421-2.jpg\"  title=\"2023 07 08 183421 2\" ><\/div><\/div><\/div><div class=\"rbs-img  category12091 \" ><div class=\"rbs-img-image   rbs-lightbox \" ><div class=\"rbs-img-thumbs\"  data-thumbnail=\"https:\/\/www.heiroth.com\/wp-content\/uploads\/2023\/07\/2023_07_08-183450-300x200.jpg\"  title=\"2023 07 08 183450\"  data-width=\"300\"  data-height=\"200\" ><\/div><div class=\"rbs-img-data-popup\"  data-popup=\"https:\/\/www.heiroth.com\/wp-content\/uploads\/2023\/07\/2023_07_08-183450.jpg\"  title=\"2023 07 08 183450\" ><\/div><\/div><\/div><div class=\"rbs-img  category12091 \" ><div class=\"rbs-img-image   rbs-lightbox \" ><div class=\"rbs-img-thumbs\"  data-thumbnail=\"https:\/\/www.heiroth.com\/wp-content\/uploads\/2023\/07\/2023_07_08-183529-4-300x200.jpg\"  title=\"2023 07 08 183529 4\"  data-width=\"300\"  data-height=\"200\" ><\/div><div class=\"rbs-img-data-popup\"  data-popup=\"https:\/\/www.heiroth.com\/wp-content\/uploads\/2023\/07\/2023_07_08-183529-4.jpg\"  title=\"2023 07 08 183529 4\" ><\/div><\/div><\/div><div class=\"rbs-img  category12091 \" ><div class=\"rbs-img-image   rbs-lightbox \" ><div class=\"rbs-img-thumbs\"  data-thumbnail=\"https:\/\/www.heiroth.com\/wp-content\/uploads\/2023\/07\/2023_07_08-183610-2-300x200.jpg\"  title=\"2023 07 08 183610 2\"  data-width=\"300\"  data-height=\"200\" ><\/div><div class=\"rbs-img-data-popup\"  data-popup=\"https:\/\/www.heiroth.com\/wp-content\/uploads\/2023\/07\/2023_07_08-183610-2.jpg\"  title=\"2023 07 08 183610 2\" ><\/div><\/div><\/div><div class=\"rbs-img  category12091 \" ><div class=\"rbs-img-image   rbs-lightbox \" ><div class=\"rbs-img-thumbs\"  data-thumbnail=\"https:\/\/www.heiroth.com\/wp-content\/uploads\/2023\/07\/2023_07_08-183643-300x200.jpg\"  title=\"2023 07 08 183643\"  data-width=\"300\"  data-height=\"200\" ><\/div><div class=\"rbs-img-data-popup\"  data-popup=\"https:\/\/www.heiroth.com\/wp-content\/uploads\/2023\/07\/2023_07_08-183643.jpg\"  title=\"2023 07 08 183643\" ><\/div><\/div><\/div><div class=\"rbs-img  category12091 \" ><div class=\"rbs-img-image   rbs-lightbox \" ><div class=\"rbs-img-thumbs\"  data-thumbnail=\"https:\/\/www.heiroth.com\/wp-content\/uploads\/2023\/07\/2023_07_08-183729-300x200.jpg\"  title=\"2023 07 08 183729\"  data-width=\"300\"  data-height=\"200\" ><\/div><div class=\"rbs-img-data-popup\"  data-popup=\"https:\/\/www.heiroth.com\/wp-content\/uploads\/2023\/07\/2023_07_08-183729.jpg\"  title=\"2023 07 08 183729\" ><\/div><\/div><\/div><div class=\"rbs-img  category12091 \" ><div class=\"rbs-img-image   rbs-lightbox \" ><div class=\"rbs-img-thumbs\"  data-thumbnail=\"https:\/\/www.heiroth.com\/wp-content\/uploads\/2023\/07\/2023_07_08-183746-300x200.jpg\"  title=\"2023 07 08 183746\"  data-width=\"300\"  data-height=\"200\" ><\/div><div class=\"rbs-img-data-popup\"  data-popup=\"https:\/\/www.heiroth.com\/wp-content\/uploads\/2023\/07\/2023_07_08-183746.jpg\"  title=\"2023 07 08 183746\" ><\/div><\/div><\/div><div class=\"rbs-img  category12091 \" ><div class=\"rbs-img-image   rbs-lightbox \" ><div class=\"rbs-img-thumbs\"  data-thumbnail=\"https:\/\/www.heiroth.com\/wp-content\/uploads\/2023\/07\/2023_07_08-183840-300x200.jpg\"  title=\"2023 07 08 183840\"  data-width=\"300\"  data-height=\"200\" ><\/div><div class=\"rbs-img-data-popup\"  data-popup=\"https:\/\/www.heiroth.com\/wp-content\/uploads\/2023\/07\/2023_07_08-183840.jpg\"  title=\"2023 07 08 183840\" ><\/div><\/div><\/div><div class=\"rbs-img  category12091 \" ><div class=\"rbs-img-image   rbs-lightbox \" ><div class=\"rbs-img-thumbs\"  data-thumbnail=\"https:\/\/www.heiroth.com\/wp-content\/uploads\/2023\/07\/2023_07_08-183951-2-200x300.jpg\"  title=\"2023 07 08 183951 2\"  data-width=\"200\"  data-height=\"300\" ><\/div><div class=\"rbs-img-data-popup\"  data-popup=\"https:\/\/www.heiroth.com\/wp-content\/uploads\/2023\/07\/2023_07_08-183951-2.jpg\"  title=\"2023 07 08 183951 2\" ><\/div><\/div><\/div><div class=\"rbs-img  category12091 \" ><div class=\"rbs-img-image   rbs-lightbox \" ><div class=\"rbs-img-thumbs\"  data-thumbnail=\"https:\/\/www.heiroth.com\/wp-content\/uploads\/2023\/07\/2023_07_08-183951-4-300x200.jpg\"  title=\"2023 07 08 183951 4\"  data-width=\"300\"  data-height=\"200\" ><\/div><div class=\"rbs-img-data-popup\"  data-popup=\"https:\/\/www.heiroth.com\/wp-content\/uploads\/2023\/07\/2023_07_08-183951-4.jpg\"  title=\"2023 07 08 183951 4\" ><\/div><\/div><\/div><\/div><\/div><\/div><script>var rbs_gallery_69ec80ba1027b = {\"version\":\"5.1.4\",\"id\":12091,\"class\":\"id12091\",\"roboGalleryDelay\":1000,\"mainContainer\":\"#robo_gallery_main_block_rbs_gallery_69ec80ba1027b\",\"loadingContainer\":\"#rbs_gallery_69ec80ba1027b-block-loader\",\"loadingContainerObj\":\"rbs_gallery_69ec80ba1027b-block-loader\",\"columnWidth\":\"auto\",\"columns\":4,\"resolutions\":[{\"columnWidth\":\"auto\",\"columns\":3,\"maxWidth\":960},{\"columnWidth\":\"auto\",\"columns\":2,\"maxWidth\":650},{\"columnWidth\":\"auto\",\"columns\":2,\"maxWidth\":450}],\"hideTitle\":true,\"lightboxOptions\":{\"gallery\":{\"enabled\":true,\"tCounter\":\"%curr% of %total%\"}},\"overlayEffect\":\"direction-aware-fade\",\"boxesToLoadStart\":20,\"boxesToLoad\":20,\"waitUntilThumbLoads\":1,\"LoadingWord\":\"Loading...\",\"loadMoreWord\":\"Load More\",\"noMoreEntriesWord\":\"No More Entries\",\"horizontalSpaceBetweenBoxes\":15,\"verticalSpaceBetweenBoxes\":15,\"lazyLoad\":1,\"wrapContainer\":\"#robo-gallery-wrap-rbs_gallery_69ec80ba1027b\"};<\/script>\n","protected":false},"excerpt":{"rendered":"<p>8. Juli 2023: Mein pers\u00f6nliches Highlight beim diesj\u00e4hrigen ROCKHARZ waren die Fotos auf der B\u00fchne von Lacuna Coil mit Frontfrau Cristina Scabbia und Frontmann Andrea Ferro. Cristina: Ti ho fatto dei ritratti bellissimi qualche anno fa. Grazie per avermi firmato queste foto. E un altro grande grazie per avermi permesso di fotografarti dal palco. Spero [&hellip;]<\/p>\n","protected":false},"author":1,"featured_media":0,"parent":10932,"menu_order":126,"comment_status":"closed","ping_status":"closed","template":"templates\/full-width-page.php","meta":{"footnotes":""},"class_list":["post-12092","page","type-page","status-publish","hentry"],"_links":{"self":[{"href":"https:\/\/www.heiroth.com\/index.php\/wp-json\/wp\/v2\/pages\/12092","targetHints":{"allow":["GET"]}}],"collection":[{"href":"https:\/\/www.heiroth.com\/index.php\/wp-json\/wp\/v2\/pages"}],"about":[{"href":"https:\/\/www.heiroth.com\/index.php\/wp-json\/wp\/v2\/types\/page"}],"author":[{"embeddable":true,"href":"https:\/\/www.heiroth.com\/index.php\/wp-json\/wp\/v2\/users\/1"}],"replies":[{"embeddable":true,"href":"https:\/\/www.heiroth.com\/index.php\/wp-json\/wp\/v2\/comments?post=12092"}],"version-history":[{"count":3,"href":"https:\/\/www.heiroth.com\/index.php\/wp-json\/wp\/v2\/pages\/12092\/revisions"}],"predecessor-version":[{"id":12570,"href":"https:\/\/www.heiroth.com\/index.php\/wp-json\/wp\/v2\/pages\/12092\/revisions\/12570"}],"up":[{"embeddable":true,"href":"https:\/\/www.heiroth.com\/index.php\/wp-json\/wp\/v2\/pages\/10932"}],"wp:attachment":[{"href":"https:\/\/www.heiroth.com\/index.php\/wp-json\/wp\/v2\/media?parent=12092"}],"curies":[{"name":"wp","href":"https:\/\/api.w.org\/{rel}","templated":true}]}}